{"id":4390,"date":"2022-12-16T09:40:57","date_gmt":"2022-12-16T14:40:57","guid":{"rendered":"https:\/\/maisonemmanuel.org\/evenements\/"},"modified":"2022-12-23T13:27:03","modified_gmt":"2022-12-23T18:27:03","slug":"events","status":"publish","type":"page","link":"https:\/\/maisonemmanuel.org\/en\/events\/","title":{"rendered":"Events"},"content":{"rendered":"\t\t<div data-elementor-type=\"wp-page\" data-elementor-id=\"4390\" class=\"elementor elementor-4390 elementor-4380\" data-elementor-post-type=\"page\">\n\t\t\t\t\t\t<section class=\"elementor-section elementor-top-section elementor-element elementor-element-4440e32 elementor-section-boxed elementor-section-height-default elementor-section-height-default\" data-id=\"4440e32\" data-element_type=\"section\">\n\t\t\t\t\t\t<div class=\"elementor-container elementor-column-gap-default\">\n\t\t\t\t\t<div class=\"elementor-column elementor-col-100 elementor-top-column elementor-element elementor-element-e775a85\" data-id=\"e775a85\" data-element_type=\"column\">\n\t\t\t<div class=\"elementor-widget-wrap elementor-element-populated\">\n\t\t\t\t\t\t<div class=\"elementor-element elementor-element-e7e0d1b elementor-widget elementor-widget-mfn_blog\" data-id=\"e7e0d1b\" data-element_type=\"widget\" data-widget_type=\"mfn_blog.default\">\n\t\t\t\t<div class=\"elementor-widget-container\">\n\t\t\t\t\t<div class=\"column_filters\"><div class=\"blog_wrapper isotope_wrapper clearfix\"><div class=\"posts_group lm_wrapper element_classes col-3 grid\"><article class=\"post post-item isotope-item clearfix category-6 post-5123 type-post status-publish format-standard has-post-thumbnail hentry category-events\" style=\"\"><div class=\"date_label\">21 September 2025<\/div><div class=\"image_frame post-photo-wrapper scale-with-grid image\"><div class=\"image_wrapper\"><a href=\"https:\/\/maisonemmanuel.org\/en\/events\/walk-with-us-2025-5e-edition\/\"><div class=\"mask\"><\/div><img fetchpriority=\"high\" decoding=\"async\" width=\"670\" height=\"720\" src=\"https:\/\/maisonemmanuel.org\/wp-content\/uploads\/2025\/09\/Marche-avec-Nous-Invitation-anglais-francais-670x720.jpeg\" class=\"scale-with-grid wp-post-image\" alt=\"\" \/><\/a><div class=\"image_links double\"><a class=\"zoom \"  rel=\"prettyphoto\" href=\"https:\/\/maisonemmanuel.org\/wp-content\/uploads\/2025\/09\/Marche-avec-Nous-Invitation-anglais-francais.jpeg\"><svg viewBox=\"0 0 26 26\"><defs><style>.path{fill:none;stroke:#333;stroke-miterlimit:10;stroke-width:1.5px;}<\/style><\/defs><circle cx=\"11.35\" cy=\"11.35\" r=\"6\" class=\"path\"><\/circle><line x1=\"15.59\" y1=\"15.59\" x2=\"20.65\" y2=\"20.65\" class=\"path\"><\/line><\/svg><\/a><a class=\"link \"  href=\"https:\/\/maisonemmanuel.org\/en\/events\/walk-with-us-2025-5e-edition\/\"><svg viewBox=\"0 0 26 26\"><defs><style>.path{fill:none;stroke:#333;stroke-miterlimit:10;stroke-width:1.5px;}<\/style><\/defs><g><path d=\"M10.17,8.76l2.12-2.12a5,5,0,0,1,7.07,0h0a5,5,0,0,1,0,7.07l-2.12,2.12\" class=\"path\"><\/path><path d=\"M15.83,17.24l-2.12,2.12a5,5,0,0,1-7.07,0h0a5,5,0,0,1,0-7.07l2.12-2.12\" class=\"path\"><\/path><line x1=\"10.17\" y1=\"15.83\" x2=\"15.83\" y2=\"10.17\" class=\"path\"><\/line><\/g><\/svg><\/a><\/div><\/div><\/div><div class=\"post-desc-wrapper bg- has-custom-bg\" style=\"\"><div class=\"post-desc\"><div class=\"post-head\"><\/div><div class=\"post-title\"><h2 class=\"entry-title \" itemprop=\"headline\"><a href=\"https:\/\/maisonemmanuel.org\/en\/events\/walk-with-us-2025-5e-edition\/\">Walk with Us 2025 \u2013 5th \u00e9dition<\/a><\/h2><\/div><div class=\"post-excerpt\">&nbsp; We invite you to support our residents and the volunteers in their efforts to<span class=\"excerpt-hellip\"> [\u2026]<\/span><\/div><div class=\"post-footer\"><div class=\"button-love\"><span class=\"love-text\">Do you like it?<\/span><a href=\"#\" class=\"mfn-love \" data-id=\"5123\"><span class=\"icons-wrapper\"><i class=\"icon-heart-empty-fa\"><\/i><i class=\"icon-heart-fa\"><\/i><\/span><span class=\"label\">0<\/span><\/a><\/div><div class=\"post-links\"><i class=\"read-more-icon icon-doc-text\" aria-hidden=\"true\"><\/i> <a href=\"https:\/\/maisonemmanuel.org\/en\/events\/walk-with-us-2025-5e-edition\/\" class=\"post-more\">Read more<\/a><\/div><\/div><\/div><\/div><\/article><article class=\"post post-item isotope-item clearfix category-6 post-4994 type-post status-publish format-image has-post-thumbnail hentry category-events post_format-post-format-image\" style=\"\"><div class=\"date_label\">14 September 2024<\/div><div class=\"image_frame post-photo-wrapper scale-with-grid image\"><div class=\"image_wrapper\"><a href=\"https:\/\/maisonemmanuel.org\/en\/events\/walk-with-us-4th-edition\/\"><div class=\"mask\"><\/div><img decoding=\"async\" width=\"2560\" height=\"1920\" src=\"https:\/\/maisonemmanuel.org\/wp-content\/uploads\/2024\/09\/101_0259-scaled.jpg\" class=\"scale-with-grid wp-post-image\" alt=\"Marche au profit de Maison Emmanuel Centre \u00e9ducatif\" srcset=\"https:\/\/maisonemmanuel.org\/wp-content\/uploads\/2024\/09\/101_0259-scaled.jpg 2560w, https:\/\/maisonemmanuel.org\/wp-content\/uploads\/2024\/09\/101_0259-300x225.jpg 300w, https:\/\/maisonemmanuel.org\/wp-content\/uploads\/2024\/09\/101_0259-1024x768.jpg 1024w, https:\/\/maisonemmanuel.org\/wp-content\/uploads\/2024\/09\/101_0259-768x576.jpg 768w, https:\/\/maisonemmanuel.org\/wp-content\/uploads\/2024\/09\/101_0259-1536x1152.jpg 1536w, https:\/\/maisonemmanuel.org\/wp-content\/uploads\/2024\/09\/101_0259-2048x1536.jpg 2048w, https:\/\/maisonemmanuel.org\/wp-content\/uploads\/2024\/09\/101_0259-195x146.jpg 195w, https:\/\/maisonemmanuel.org\/wp-content\/uploads\/2024\/09\/101_0259-50x38.jpg 50w, https:\/\/maisonemmanuel.org\/wp-content\/uploads\/2024\/09\/101_0259-100x75.jpg 100w\" sizes=\"(max-width:767px) 480px, (max-width:2560px) 100vw, 2560px\" \/><\/a><div class=\"image_links double\"><a class=\"zoom \"  rel=\"prettyphoto\" href=\"https:\/\/maisonemmanuel.org\/wp-content\/uploads\/2024\/09\/101_0259-1024x768.jpg\"><svg viewBox=\"0 0 26 26\"><defs><style>.path{fill:none;stroke:#333;stroke-miterlimit:10;stroke-width:1.5px;}<\/style><\/defs><circle cx=\"11.35\" cy=\"11.35\" r=\"6\" class=\"path\"><\/circle><line x1=\"15.59\" y1=\"15.59\" x2=\"20.65\" y2=\"20.65\" class=\"path\"><\/line><\/svg><\/a><a class=\"link \"  href=\"https:\/\/maisonemmanuel.org\/en\/events\/walk-with-us-4th-edition\/\"><svg viewBox=\"0 0 26 26\"><defs><style>.path{fill:none;stroke:#333;stroke-miterlimit:10;stroke-width:1.5px;}<\/style><\/defs><g><path d=\"M10.17,8.76l2.12-2.12a5,5,0,0,1,7.07,0h0a5,5,0,0,1,0,7.07l-2.12,2.12\" class=\"path\"><\/path><path d=\"M15.83,17.24l-2.12,2.12a5,5,0,0,1-7.07,0h0a5,5,0,0,1,0-7.07l2.12-2.12\" class=\"path\"><\/path><line x1=\"10.17\" y1=\"15.83\" x2=\"15.83\" y2=\"10.17\" class=\"path\"><\/line><\/g><\/svg><\/a><\/div><\/div><\/div><div class=\"post-desc-wrapper bg- has-custom-bg\" style=\"\"><div class=\"post-desc\"><div class=\"post-head\"><\/div><div class=\"post-title\"><h2 class=\"entry-title \" itemprop=\"headline\"><a href=\"https:\/\/maisonemmanuel.org\/en\/events\/walk-with-us-4th-edition\/\">Walk with Us 2024 &#8211; 4th edition<\/a><\/h2><\/div><div class=\"post-excerpt\">We invite you to support our residents and the volunteers in their efforts to raise<span class=\"excerpt-hellip\"> [\u2026]<\/span><\/div><div class=\"post-footer\"><div class=\"button-love\"><span class=\"love-text\">Do you like it?<\/span><a href=\"#\" class=\"mfn-love \" data-id=\"4994\"><span class=\"icons-wrapper\"><i class=\"icon-heart-empty-fa\"><\/i><i class=\"icon-heart-fa\"><\/i><\/span><span class=\"label\">2<\/span><\/a><\/div><div class=\"post-links\"><i class=\"read-more-icon icon-doc-text\" aria-hidden=\"true\"><\/i> <a href=\"https:\/\/maisonemmanuel.org\/en\/events\/walk-with-us-4th-edition\/\" class=\"post-more\">Read more<\/a><\/div><\/div><\/div><\/div><\/article><article class=\"post post-item isotope-item clearfix category-6 post-4764 type-post status-publish format-standard has-post-thumbnail hentry category-events\" style=\"\"><div class=\"date_label\">10 September 2023<\/div><div class=\"image_frame post-photo-wrapper scale-with-grid image\"><div class=\"image_wrapper\"><a href=\"https:\/\/maisonemmanuel.org\/en\/events\/marche-avec-nous-2023-3eme-edition\/\"><div class=\"mask\"><\/div><img decoding=\"async\" width=\"780\" height=\"720\" src=\"https:\/\/maisonemmanuel.org\/wp-content\/uploads\/2023\/09\/Marche-avec-nous-2023-780x720.jpg\" class=\"scale-with-grid wp-post-image\" alt=\"\" \/><\/a><div class=\"image_links double\"><a class=\"zoom \"  rel=\"prettyphoto\" href=\"https:\/\/maisonemmanuel.org\/wp-content\/uploads\/2023\/09\/Marche-avec-nous-2023-1024x768.jpg\"><svg viewBox=\"0 0 26 26\"><defs><style>.path{fill:none;stroke:#333;stroke-miterlimit:10;stroke-width:1.5px;}<\/style><\/defs><circle cx=\"11.35\" cy=\"11.35\" r=\"6\" class=\"path\"><\/circle><line x1=\"15.59\" y1=\"15.59\" x2=\"20.65\" y2=\"20.65\" class=\"path\"><\/line><\/svg><\/a><a class=\"link \"  href=\"https:\/\/maisonemmanuel.org\/en\/events\/marche-avec-nous-2023-3eme-edition\/\"><svg viewBox=\"0 0 26 26\"><defs><style>.path{fill:none;stroke:#333;stroke-miterlimit:10;stroke-width:1.5px;}<\/style><\/defs><g><path d=\"M10.17,8.76l2.12-2.12a5,5,0,0,1,7.07,0h0a5,5,0,0,1,0,7.07l-2.12,2.12\" class=\"path\"><\/path><path d=\"M15.83,17.24l-2.12,2.12a5,5,0,0,1-7.07,0h0a5,5,0,0,1,0-7.07l2.12-2.12\" class=\"path\"><\/path><line x1=\"10.17\" y1=\"15.83\" x2=\"15.83\" y2=\"10.17\" class=\"path\"><\/line><\/g><\/svg><\/a><\/div><\/div><\/div><div class=\"post-desc-wrapper bg- has-custom-bg\" style=\"\"><div class=\"post-desc\"><div class=\"post-head\"><\/div><div class=\"post-title\"><h2 class=\"entry-title \" itemprop=\"headline\"><a href=\"https:\/\/maisonemmanuel.org\/en\/events\/marche-avec-nous-2023-3eme-edition\/\">Walk with Us 2023 &#8211; 3rd edition<\/a><\/h2><\/div><div class=\"post-excerpt\">All members of Maison Emmanuel, Center \u00c9ducatif\u00a0 are pleased to invite you to participate in<span class=\"excerpt-hellip\"> [\u2026]<\/span><\/div><div class=\"post-footer\"><div class=\"button-love\"><span class=\"love-text\">Do you like it?<\/span><a href=\"#\" class=\"mfn-love \" data-id=\"4764\"><span class=\"icons-wrapper\"><i class=\"icon-heart-empty-fa\"><\/i><i class=\"icon-heart-fa\"><\/i><\/span><span class=\"label\">5<\/span><\/a><\/div><div class=\"post-links\"><i class=\"read-more-icon icon-doc-text\" aria-hidden=\"true\"><\/i> <a href=\"https:\/\/maisonemmanuel.org\/en\/events\/marche-avec-nous-2023-3eme-edition\/\" class=\"post-more\">Read more<\/a><\/div><\/div><\/div><\/div><\/article><\/div><\/div>\n<\/div>\n\t\t\t\t<\/div>\n\t\t\t\t<\/div>\n\t\t\t\t\t<\/div>\n\t\t<\/div>\n\t\t\t\t\t<\/div>\n\t\t<\/section>\n\t\t\t\t<\/div>\n\t\t","protected":false},"excerpt":{"rendered":"<p>20 d\u00e9cembre 2020 &nbsp; &nbsp; Marche 2\u00e8me \u00e9dition Lorem ipsum dolor sit amet enim. Etiam<span class=\"excerpt-hellip\"> [\u2026]<\/span><\/p>\n","protected":false},"author":1,"featured_media":0,"parent":0,"menu_order":0,"comment_status":"closed","ping_status":"closed","template":"","meta":{"footnotes":""},"class_list":["post-4390","page","type-page","status-publish","hentry"],"yoast_head":"<!-- This site is optimized with the Yoast SEO plugin v26.4 - https:\/\/yoast.com\/wordpress\/plugins\/seo\/ -->\n<title>Events - Education center - Maison Emmanuel<\/title>\n<meta name=\"description\" content=\"At Maison Emmanuel, we plan events so that you can support Maison Emmanuel Centre \u00c9ducatif. Find out more.\" \/>\n<meta name=\"robots\" content=\"index, follow, max-snippet:-1, max-image-preview:large, max-video-preview:-1\" \/>\n<link rel=\"canonical\" href=\"https:\/\/maisonemmanuel.org\/en\/events\/\" \/>\n<meta property=\"og:locale\" content=\"en_US\" \/>\n<meta property=\"og:type\" content=\"article\" \/>\n<meta property=\"og:title\" content=\"Events - Education center - Maison Emmanuel\" \/>\n<meta property=\"og:description\" content=\"At Maison Emmanuel, we plan events so that you can support Maison Emmanuel Centre \u00c9ducatif. Find out more.\" \/>\n<meta property=\"og:url\" content=\"https:\/\/maisonemmanuel.org\/en\/events\/\" \/>\n<meta property=\"og:site_name\" content=\"Maison Emmanuel\" \/>\n<meta property=\"article:publisher\" content=\"https:\/\/www.facebook.com\/LaChapdelaine\/\" \/>\n<meta property=\"article:modified_time\" content=\"2022-12-23T18:27:03+00:00\" \/>\n<meta property=\"og:image\" content=\"https:\/\/maisonemmanuel.org\/wp-content\/uploads\/2020\/12\/IMG_4877-780x720.jpg\" \/>\n<meta name=\"twitter:card\" content=\"summary_large_image\" \/>\n<meta name=\"twitter:label1\" content=\"Est. reading time\" \/>\n\t<meta name=\"twitter:data1\" content=\"1 minute\" \/>\n<script type=\"application\/ld+json\" class=\"yoast-schema-graph\">{\"@context\":\"https:\/\/schema.org\",\"@graph\":[{\"@type\":\"WebPage\",\"@id\":\"https:\/\/maisonemmanuel.org\/en\/events\/\",\"url\":\"https:\/\/maisonemmanuel.org\/en\/events\/\",\"name\":\"Events - Education center - Maison Emmanuel\",\"isPartOf\":{\"@id\":\"https:\/\/maisonemmanuel.org\/#website\"},\"primaryImageOfPage\":{\"@id\":\"https:\/\/maisonemmanuel.org\/en\/events\/#primaryimage\"},\"image\":{\"@id\":\"https:\/\/maisonemmanuel.org\/en\/events\/#primaryimage\"},\"thumbnailUrl\":\"https:\/\/maisonemmanuel.org\/wp-content\/uploads\/2020\/12\/IMG_4877-780x720.jpg\",\"datePublished\":\"2022-12-16T14:40:57+00:00\",\"dateModified\":\"2022-12-23T18:27:03+00:00\",\"description\":\"At Maison Emmanuel, we plan events so that you can support Maison Emmanuel Centre \u00c9ducatif. Find out more.\",\"breadcrumb\":{\"@id\":\"https:\/\/maisonemmanuel.org\/en\/events\/#breadcrumb\"},\"inLanguage\":\"en-US\",\"potentialAction\":[{\"@type\":\"ReadAction\",\"target\":[\"https:\/\/maisonemmanuel.org\/en\/events\/\"]}]},{\"@type\":\"ImageObject\",\"inLanguage\":\"en-US\",\"@id\":\"https:\/\/maisonemmanuel.org\/en\/events\/#primaryimage\",\"url\":\"https:\/\/maisonemmanuel.org\/wp-content\/uploads\/2020\/12\/IMG_4877-780x720.jpg\",\"contentUrl\":\"https:\/\/maisonemmanuel.org\/wp-content\/uploads\/2020\/12\/IMG_4877-780x720.jpg\"},{\"@type\":\"BreadcrumbList\",\"@id\":\"https:\/\/maisonemmanuel.org\/en\/events\/#breadcrumb\",\"itemListElement\":[{\"@type\":\"ListItem\",\"position\":1,\"name\":\"Accueil\",\"item\":\"https:\/\/maisonemmanuel.org\/en\/\"},{\"@type\":\"ListItem\",\"position\":2,\"name\":\"Events\"}]},{\"@type\":\"WebSite\",\"@id\":\"https:\/\/maisonemmanuel.org\/#website\",\"url\":\"https:\/\/maisonemmanuel.org\/\",\"name\":\"Maison Emmanuel\",\"description\":\"Maison Emmanuel, centre \u00e9ducatif\",\"publisher\":{\"@id\":\"https:\/\/maisonemmanuel.org\/#organization\"},\"potentialAction\":[{\"@type\":\"SearchAction\",\"target\":{\"@type\":\"EntryPoint\",\"urlTemplate\":\"https:\/\/maisonemmanuel.org\/?s={search_term_string}\"},\"query-input\":{\"@type\":\"PropertyValueSpecification\",\"valueRequired\":true,\"valueName\":\"search_term_string\"}}],\"inLanguage\":\"en-US\"},{\"@type\":\"Organization\",\"@id\":\"https:\/\/maisonemmanuel.org\/#organization\",\"name\":\"Maison Emmanuel\",\"url\":\"https:\/\/maisonemmanuel.org\/\",\"logo\":{\"@type\":\"ImageObject\",\"inLanguage\":\"en-US\",\"@id\":\"https:\/\/maisonemmanuel.org\/#\/schema\/logo\/image\/\",\"url\":\"https:\/\/maisonemmanuel.org\/wp-content\/uploads\/2022\/11\/logo-2.jpg\",\"contentUrl\":\"https:\/\/maisonemmanuel.org\/wp-content\/uploads\/2022\/11\/logo-2.jpg\",\"width\":231,\"height\":139,\"caption\":\"Maison Emmanuel\"},\"image\":{\"@id\":\"https:\/\/maisonemmanuel.org\/#\/schema\/logo\/image\/\"},\"sameAs\":[\"https:\/\/www.facebook.com\/LaChapdelaine\/\"]}]}<\/script>\n<!-- \/ Yoast SEO plugin. -->","yoast_head_json":{"title":"Events - Education center - Maison Emmanuel","description":"At Maison Emmanuel, we plan events so that you can support Maison Emmanuel Centre \u00c9ducatif. Find out more.","robots":{"index":"index","follow":"follow","max-snippet":"max-snippet:-1","max-image-preview":"max-image-preview:large","max-video-preview":"max-video-preview:-1"},"canonical":"https:\/\/maisonemmanuel.org\/en\/events\/","og_locale":"en_US","og_type":"article","og_title":"Events - Education center - Maison Emmanuel","og_description":"At Maison Emmanuel, we plan events so that you can support Maison Emmanuel Centre \u00c9ducatif. Find out more.","og_url":"https:\/\/maisonemmanuel.org\/en\/events\/","og_site_name":"Maison Emmanuel","article_publisher":"https:\/\/www.facebook.com\/LaChapdelaine\/","article_modified_time":"2022-12-23T18:27:03+00:00","og_image":[{"url":"https:\/\/maisonemmanuel.org\/wp-content\/uploads\/2020\/12\/IMG_4877-780x720.jpg","type":"","width":"","height":""}],"twitter_card":"summary_large_image","twitter_misc":{"Est. reading time":"1 minute"},"schema":{"@context":"https:\/\/schema.org","@graph":[{"@type":"WebPage","@id":"https:\/\/maisonemmanuel.org\/en\/events\/","url":"https:\/\/maisonemmanuel.org\/en\/events\/","name":"Events - Education center - Maison Emmanuel","isPartOf":{"@id":"https:\/\/maisonemmanuel.org\/#website"},"primaryImageOfPage":{"@id":"https:\/\/maisonemmanuel.org\/en\/events\/#primaryimage"},"image":{"@id":"https:\/\/maisonemmanuel.org\/en\/events\/#primaryimage"},"thumbnailUrl":"https:\/\/maisonemmanuel.org\/wp-content\/uploads\/2020\/12\/IMG_4877-780x720.jpg","datePublished":"2022-12-16T14:40:57+00:00","dateModified":"2022-12-23T18:27:03+00:00","description":"At Maison Emmanuel, we plan events so that you can support Maison Emmanuel Centre \u00c9ducatif. Find out more.","breadcrumb":{"@id":"https:\/\/maisonemmanuel.org\/en\/events\/#breadcrumb"},"inLanguage":"en-US","potentialAction":[{"@type":"ReadAction","target":["https:\/\/maisonemmanuel.org\/en\/events\/"]}]},{"@type":"ImageObject","inLanguage":"en-US","@id":"https:\/\/maisonemmanuel.org\/en\/events\/#primaryimage","url":"https:\/\/maisonemmanuel.org\/wp-content\/uploads\/2020\/12\/IMG_4877-780x720.jpg","contentUrl":"https:\/\/maisonemmanuel.org\/wp-content\/uploads\/2020\/12\/IMG_4877-780x720.jpg"},{"@type":"BreadcrumbList","@id":"https:\/\/maisonemmanuel.org\/en\/events\/#breadcrumb","itemListElement":[{"@type":"ListItem","position":1,"name":"Accueil","item":"https:\/\/maisonemmanuel.org\/en\/"},{"@type":"ListItem","position":2,"name":"Events"}]},{"@type":"WebSite","@id":"https:\/\/maisonemmanuel.org\/#website","url":"https:\/\/maisonemmanuel.org\/","name":"Maison Emmanuel","description":"Maison Emmanuel, centre \u00e9ducatif","publisher":{"@id":"https:\/\/maisonemmanuel.org\/#organization"},"potentialAction":[{"@type":"SearchAction","target":{"@type":"EntryPoint","urlTemplate":"https:\/\/maisonemmanuel.org\/?s={search_term_string}"},"query-input":{"@type":"PropertyValueSpecification","valueRequired":true,"valueName":"search_term_string"}}],"inLanguage":"en-US"},{"@type":"Organization","@id":"https:\/\/maisonemmanuel.org\/#organization","name":"Maison Emmanuel","url":"https:\/\/maisonemmanuel.org\/","logo":{"@type":"ImageObject","inLanguage":"en-US","@id":"https:\/\/maisonemmanuel.org\/#\/schema\/logo\/image\/","url":"https:\/\/maisonemmanuel.org\/wp-content\/uploads\/2022\/11\/logo-2.jpg","contentUrl":"https:\/\/maisonemmanuel.org\/wp-content\/uploads\/2022\/11\/logo-2.jpg","width":231,"height":139,"caption":"Maison Emmanuel"},"image":{"@id":"https:\/\/maisonemmanuel.org\/#\/schema\/logo\/image\/"},"sameAs":["https:\/\/www.facebook.com\/LaChapdelaine\/"]}]}},"_links":{"self":[{"href":"https:\/\/maisonemmanuel.org\/en\/wp-json\/wp\/v2\/pages\/4390","targetHints":{"allow":["GET"]}}],"collection":[{"href":"https:\/\/maisonemmanuel.org\/en\/wp-json\/wp\/v2\/pages"}],"about":[{"href":"https:\/\/maisonemmanuel.org\/en\/wp-json\/wp\/v2\/types\/page"}],"author":[{"embeddable":true,"href":"https:\/\/maisonemmanuel.org\/en\/wp-json\/wp\/v2\/users\/1"}],"replies":[{"embeddable":true,"href":"https:\/\/maisonemmanuel.org\/en\/wp-json\/wp\/v2\/comments?post=4390"}],"version-history":[{"count":9,"href":"https:\/\/maisonemmanuel.org\/en\/wp-json\/wp\/v2\/pages\/4390\/revisions"}],"predecessor-version":[{"id":4657,"href":"https:\/\/maisonemmanuel.org\/en\/wp-json\/wp\/v2\/pages\/4390\/revisions\/4657"}],"wp:attachment":[{"href":"https:\/\/maisonemmanuel.org\/en\/wp-json\/wp\/v2\/media?parent=4390"}],"curies":[{"name":"wp","href":"https:\/\/api.w.org\/{rel}","templated":true}]}}